{"id":2199,"date":"2017-10-03T21:01:39","date_gmt":"2017-10-03T21:01:39","guid":{"rendered":"http:\/\/export-1.test-tangibledesign.net\/?page_id=2199"},"modified":"2021-12-17T20:38:06","modified_gmt":"2021-12-17T17:38:06","slug":"services","status":"publish","type":"page","link":"https:\/\/whiteseahomes.com\/de\/services\/","title":{"rendered":"Dienstleistungen"},"content":{"rendered":"<p>[vc_row full_width=&#8221;stretch_row&#8221; css=&#8221;.vc_custom_1579420767104{margin-bottom: 24px !important;}&#8221;][vc_column][vc_column_text]<\/p>\n<h5>In \u00dcbereinstimmung mit unserer Qualit\u00e4tspolitik, die sich aus unserer Mission, Vision und unseren Grundwerten zusammensetzt, glauben wir auch an die enorme Bedeutung der Kundenzufriedenheit, die durch unsere Produkte und Dienstleistungen geschaffen wird.<\/h5>\n<p>Um Ihnen den bestm\u00f6glichen Service zu bieten, haben wir von &#8220;<strong>White Sea Homes<\/strong>&#8221; unser Engagement f\u00fcr die Kundenzufriedenheit durch allgemeine Strategien und Bem\u00fchungen zur Verbesserung der Kundenbeziehungsprozesse verst\u00e4rkt.[\/vc_column_text]<div class=\"mh-heading-wrapper--left \">\r\n\t\r\n        <div class=\"mh-heading-wrapper\">\r\n            <h4            class=\"mh-heading  mh-heading--bottom-separator   \"\r\n            style=\"font-weight:700;\">\r\n\t\t\tUnser Service f\u00fcr Sie!        <\/h4>\r\n\r\n\t\t    <\/div>\r\n\r\n\t<\/div>[vc_column_text]Wir bieten eine besondere Art von Service.<br \/>\nBei uns sind Sie in sicheren H\u00e4nden. Genie\u00dfe deine kostbare Zeit. Was auch immer Sie brauchen, wir werden f\u00fcr Sie da sein.[\/vc_column_text][\/vc_column][\/vc_row][vc_row][vc_column width=&#8221;1\/3&#8243;]\n<div id=\"interactive-banner-1-wrap-7628\" class=\"ult-banner-block ult-adjust-bottom-margin ult-bb-box ult-banner-block-custom-height banner-style01 \"   style=\"height:240px;\">\n\t<img decoding=\"async\" src=\"https:\/\/whiteseahomes.com\/wp-content\/uploads\/2021\/12\/tapu.jpg\" alt=\"null\">\n\t<h2  data-ultimate-target='#interactive-banner-1-wrap-7628 .bb-top-title '  data-responsive-json-new='{\"font-size\":\"\",\"line-height\":\"\"}'  class=\"title-left bb-top-title ult-responsive\" style=\"font-weight:normal;background:#242424;color:#ffffff;\">Tapu (Eigentumsurkunde)<\/h2>\n\t<div class=\"mask opaque-background\" style=\"background:#dd9933;\">\n\t\t<div  data-ultimate-target='#interactive-banner-1-wrap-7628 .bb-description'  data-responsive-json-new='{\"font-size\":\"\",\"line-height\":\"\"}'  class=\"bb-description ult-responsive\" style=\"font-weight:normal;color:#ffffff;\">Die legale Registrierung oder Tapu, wie es auf T\u00fcrkisch genannt wird, ist eine offizielle Registrierung eines Immobilienerwerbs und der einzige Beweis daf\u00fcr, dass Sie der Eigent\u00fcmer der Immobilie sind, die Sie kaufen.<\/div>\n\t<\/div><a class=\"bb-link\" href=\"\/de\/services\/tapu-title-deed\/\" title=\"Tapu (Eigentumsurkunde)\" ><\/a>\n<\/div>[\/vc_column][vc_column width=&#8221;1\/3&#8243;]\n<div id=\"interactive-banner-1-wrap-3232\" class=\"ult-banner-block ult-adjust-bottom-margin ult-bb-box ult-banner-block-custom-height banner-style01 \"   style=\"height:240px;\">\n\t<img decoding=\"async\" src=\"https:\/\/whiteseahomes.com\/wp-content\/uploads\/2021\/12\/service_after_sale.jpg\" alt=\"null\">\n\t<h2  data-ultimate-target='#interactive-banner-1-wrap-3232 .bb-top-title '  data-responsive-json-new='{\"font-size\":\"\",\"line-height\":\"\"}'  class=\"title-left bb-top-title ult-responsive\" style=\"font-weight:normal;background:#242424;color:#ffffff;\">Nachdem Sie gekauft zu Hause in der T\u00fcrkei<\/h2>\n\t<div class=\"mask opaque-background\" style=\"background:#dd9933;\">\n\t\t<div  data-ultimate-target='#interactive-banner-1-wrap-3232 .bb-description'  data-responsive-json-new='{\"font-size\":\"\",\"line-height\":\"\"}'  class=\"bb-description ult-responsive\" style=\"font-weight:normal;color:#ffffff;\">Bei ``White Sea Homes`` glauben wir, dass Kundenservice nicht nur Teil unseres Gesch\u00e4fts ist, sondern dass Service unsere Aufgabe ist.<\/div>\n\t<\/div><a class=\"bb-link\" href=\"\/de\/services\/after-sales-service\/\" title=\"Kundendienst\" ><\/a>\n<\/div>[\/vc_column][vc_column width=&#8221;1\/3&#8243;]\n<div id=\"interactive-banner-1-wrap-8021\" class=\"ult-banner-block ult-adjust-bottom-margin ult-bb-box ult-banner-block-custom-height banner-style01 \"   style=\"height:240px;\">\n\t<img decoding=\"async\" src=\"https:\/\/whiteseahomes.com\/wp-content\/uploads\/2021\/12\/mobler.jpg\" alt=\"null\">\n\t<h2  data-ultimate-target='#interactive-banner-1-wrap-8021 .bb-top-title '  data-responsive-json-new='{\"font-size\":\"\",\"line-height\":\"\"}'  class=\"title-left bb-top-title ult-responsive\" style=\"font-weight:normal;background:#242424;color:#ffffff;\">Immobilienverwaltung<\/h2>\n\t<div class=\"mask opaque-background\" style=\"background:#dd9933;\">\n\t\t<div  data-ultimate-target='#interactive-banner-1-wrap-8021 .bb-description'  data-responsive-json-new='{\"font-size\":\"\",\"line-height\":\"\"}'  class=\"bb-description ult-responsive\" style=\"font-weight:normal;color:#ffffff;\">``White Sea Homes`` hilft beim Kauf von M\u00f6beln und Einrichtungsgegenst\u00e4nden. Unser After-Sale-Team bringt Sie zu ausgew\u00e4hlten Gesch\u00e4ften, die ohne zus\u00e4tzliche Kosten gute Qualit\u00e4t und Service bieten.<\/div>\n\t<\/div><a class=\"bb-link\" href=\"\/de\/services\/property-management\/\" title=\"Immobilienverwaltung\" ><\/a>\n<\/div>[\/vc_column][\/vc_row][vc_row][vc_column][vc_empty_space][\/vc_column][\/vc_row]<\/p>\n","protected":false},"excerpt":{"rendered":"<p>[vc_row full_width=&#8221;stretch_row&#8221; css=&#8221;.vc_custom_1579420767104{margin-bottom: 24px !important;}&#8221;][vc_column][vc_column_text] In \u00dcbereinstimmung mit unserer Qualit\u00e4tspolitik, die sich aus unserer Mission, Vision und unseren Grundwerten zusammensetzt, glauben wir auch an die enorme Bedeutung der Kundenzufriedenheit, die durch unsere Produkte und Dienstleistungen geschaffen wird. Um Ihnen den bestm\u00f6glichen Service zu bieten, haben wir von &#8220;White Sea Homes&#8221; unser Engagement f\u00fcr die Kundenzufriedenheit [&hellip;]<\/p>\n","protected":false},"author":14,"featured_media":0,"parent":0,"menu_order":0,"comment_status":"closed","ping_status":"closed","template":"page_full-width-with-top-title.php","meta":{"footnotes":""},"class_list":["post-2199","page","type-page","status-publish","hentry"],"_links":{"self":[{"href":"https:\/\/whiteseahomes.com\/de\/wp-json\/wp\/v2\/pages\/2199","targetHints":{"allow":["GET"]}}],"collection":[{"href":"https:\/\/whiteseahomes.com\/de\/wp-json\/wp\/v2\/pages"}],"about":[{"href":"https:\/\/whiteseahomes.com\/de\/wp-json\/wp\/v2\/types\/page"}],"author":[{"embeddable":true,"href":"https:\/\/whiteseahomes.com\/de\/wp-json\/wp\/v2\/users\/14"}],"replies":[{"embeddable":true,"href":"https:\/\/whiteseahomes.com\/de\/wp-json\/wp\/v2\/comments?post=2199"}],"version-history":[{"count":14,"href":"https:\/\/whiteseahomes.com\/de\/wp-json\/wp\/v2\/pages\/2199\/revisions"}],"predecessor-version":[{"id":3502,"href":"https:\/\/whiteseahomes.com\/de\/wp-json\/wp\/v2\/pages\/2199\/revisions\/3502"}],"wp:attachment":[{"href":"https:\/\/whiteseahomes.com\/de\/wp-json\/wp\/v2\/media?parent=2199"}],"curies":[{"name":"wp","href":"https:\/\/api.w.org\/{rel}","templated":true}]}}