{"id":2708,"date":"2018-06-16T12:55:31","date_gmt":"2018-06-16T12:55:31","guid":{"rendered":"https:\/\/myhometheme.net\/market\/?page_id=2708"},"modified":"2021-12-17T19:54:54","modified_gmt":"2021-12-17T16:54:54","slug":"property-management","status":"publish","type":"page","link":"https:\/\/whiteseahomes.com\/de\/services\/property-management\/","title":{"rendered":"Immobilienverwaltung"},"content":{"rendered":"<p>[vc_row][vc_column width=&#8221;1\/3&#8243;][vc_single_image image=&#8221;3340&#8243; img_size=&#8221;large&#8221; onclick=&#8221;link_image&#8221;][\/vc_column][vc_column width=&#8221;2\/3&#8243;][vc_column_text]Die Wahl eines kompetenten Verwalters Ihrer Immobilie in der T\u00fcrkei ist ein wichtiger Faktor, der den weiteren Zustand Ihres Hauses \/ Ihrer Wohnung beeinflusst.<\/p>\n<p>Jeder Eigent\u00fcmer erwartet vom Manager ein hohes Ma\u00df an Verantwortung, Rechenschaftspflicht und Kenntnis des Gesch\u00e4fts.[\/vc_column_text][\/vc_column][\/vc_row][vc_row][vc_column][vc_column_text]Die Wahl eines kompetenten Verwalters Ihrer Immobilie in der T\u00fcrkei ist ein wichtiger Faktor, der den weiteren Zustand Ihres Hauses \/ Ihrer Wohnung beeinflusst.<\/p>\n<p>Jeder Eigent\u00fcmer erwartet vom Manager ein hohes Ma\u00df an Verantwortung, Rechenschaftspflicht und Kenntnis des Gesch\u00e4fts.<\/p>\n<p>White Sea Homes bietet seinen Kunden eine individuelle Immobilienverwaltung in Alanya mit dem Ziel, die Einrichtung hervorragend zu funktionieren, die Wartungskosten zu senken und den Gewinn aus ihrer Nutzung zu steigern.<\/p>\n<p>Das Property Management Service Package enth\u00e4lt (Anpassungen sind zul\u00e4ssig):<\/p>\n<ul>\n<li>monatliche \u00dcberwachung des Zustands Ihrer Immobilie<\/li>\n<li>Zahlung der laufenden Zahlungen f\u00fcr Strom, Wasser, Telefon,<\/li>\n<li>Versorgungsunternehmen<\/li>\n<li>Zahlung der j\u00e4hrlichen Grundsteuer<\/li>\n<li>Organisation des Transfers<\/li>\n<li>Organisation der Reinigung Ihres Eigentums<\/li>\n<li>Unterst\u00fctzung bei Arbeiten im Zusammenhang mit Reparaturen, Fehlerbehebung usw.<\/li>\n<\/ul>\n<p>Miete Ihrer ImmobilieBeim Kauf von Immobilien mit White Sea Homes sind die ersten 6 Monate der Verwaltung des erworbenen Objekts kostenlos !!!![\/vc_column_text][\/vc_column][\/vc_row]<\/p>\n","protected":false},"excerpt":{"rendered":"<p>[vc_row][vc_column width=&#8221;1\/3&#8243;][vc_single_image image=&#8221;3340&#8243; img_size=&#8221;large&#8221; onclick=&#8221;link_image&#8221;][\/vc_column][vc_column width=&#8221;2\/3&#8243;][vc_column_text]Die Wahl eines kompetenten Verwalters Ihrer Immobilie in der T\u00fcrkei ist ein wichtiger Faktor, der den weiteren Zustand Ihres Hauses \/ Ihrer Wohnung beeinflusst. Jeder Eigent\u00fcmer erwartet vom Manager ein hohes Ma\u00df an Verantwortung, Rechenschaftspflicht und Kenntnis des Gesch\u00e4fts.[\/vc_column_text][\/vc_column][\/vc_row][vc_row][vc_column][vc_column_text]Die Wahl eines kompetenten Verwalters Ihrer Immobilie in der T\u00fcrkei ist ein [&hellip;]<\/p>\n","protected":false},"author":14,"featured_media":3485,"parent":2199,"menu_order":0,"comment_status":"closed","ping_status":"closed","template":"page_right-sidebar-with-top-title.php","meta":{"footnotes":""},"class_list":["post-2708","page","type-page","status-publish","has-post-thumbnail","hentry"],"_links":{"self":[{"href":"https:\/\/whiteseahomes.com\/de\/wp-json\/wp\/v2\/pages\/2708","targetHints":{"allow":["GET"]}}],"collection":[{"href":"https:\/\/whiteseahomes.com\/de\/wp-json\/wp\/v2\/pages"}],"about":[{"href":"https:\/\/whiteseahomes.com\/de\/wp-json\/wp\/v2\/types\/page"}],"author":[{"embeddable":true,"href":"https:\/\/whiteseahomes.com\/de\/wp-json\/wp\/v2\/users\/14"}],"replies":[{"embeddable":true,"href":"https:\/\/whiteseahomes.com\/de\/wp-json\/wp\/v2\/comments?post=2708"}],"version-history":[{"count":6,"href":"https:\/\/whiteseahomes.com\/de\/wp-json\/wp\/v2\/pages\/2708\/revisions"}],"predecessor-version":[{"id":3490,"href":"https:\/\/whiteseahomes.com\/de\/wp-json\/wp\/v2\/pages\/2708\/revisions\/3490"}],"up":[{"embeddable":true,"href":"https:\/\/whiteseahomes.com\/de\/wp-json\/wp\/v2\/pages\/2199"}],"wp:featuredmedia":[{"embeddable":true,"href":"https:\/\/whiteseahomes.com\/de\/wp-json\/wp\/v2\/media\/3485"}],"wp:attachment":[{"href":"https:\/\/whiteseahomes.com\/de\/wp-json\/wp\/v2\/media?parent=2708"}],"curies":[{"name":"wp","href":"https:\/\/api.w.org\/{rel}","templated":true}]}}