{"id":1961,"date":"2017-09-27T17:26:13","date_gmt":"2017-09-27T17:26:13","guid":{"rendered":"http:\/\/export-1.test-tangibledesign.net\/?page_id=1961"},"modified":"2021-12-26T17:42:32","modified_gmt":"2021-12-26T14:42:32","slug":"our-team","status":"publish","type":"page","link":"https:\/\/whiteseahomes.com\/ru\/our-team\/","title":{"rendered":"\u041d\u0430\u0448\u0430 \u043a\u043e\u043c\u0430\u043d\u0434\u0430"},"content":{"rendered":"<p>[vc_row full_width=&#8221;stretch_row&#8221; css=&#8221;.vc_custom_1494609476686{background-color: #f4f4f4 !important;}&#8221;][vc_column css=&#8221;.vc_custom_1494333765775{padding-top: 39px !important;padding-bottom: 24px !important;}&#8221;]<div class=\"mh-heading-wrapper--left \">\r\n\t\r\n        <div class=\"mh-heading-wrapper\">\r\n            <h3            class=\"mh-heading  mh-heading--bottom-separator   \"\r\n            style=\"font-weight:700;\">\r\n\t\t\t\u0412\u0441\u0442\u0440\u0435\u0442\u0438\u0442\u044c \u043a\u043e\u043c\u0430\u043d\u0434\u0443!        <\/h3>\r\n\r\n\t\t    <\/div>\r\n\r\n\t<\/div>\t<div class=\"owl-carousel owl-carousel--visible-4 \">\n\n\t\t\n\t\t\t<div class=\"mh-agent mh-agent--white\">\n\t\t\t\t<div\n\t\t\t\t   class=\"mh-agent__thumbnail\"\n\t\t\t\t   title=\"\u015eaban Karaka\u015f\">\n\t\t\t\t\t\t\t<img\r\n\t\t\t\t\t\t\tdata-srcset=\"https:\/\/whiteseahomes.com\/wp-content\/uploads\/2022\/02\/Saban-bey-100x100.png 100w, https:\/\/whiteseahomes.com\/wp-content\/uploads\/2022\/02\/Saban-bey-300x300.png 300w, https:\/\/whiteseahomes.com\/wp-content\/uploads\/2022\/02\/Saban-bey-150x150.png 150w, https:\/\/whiteseahomes.com\/wp-content\/uploads\/2022\/02\/Saban-bey-400x400.png 400w, https:\/\/whiteseahomes.com\/wp-content\/uploads\/2022\/02\/Saban-bey-200x200.png 200w, https:\/\/whiteseahomes.com\/wp-content\/uploads\/2022\/02\/Saban-bey.png 512w\"\r\n\t\t\t\tclass=\"lazyload \"\r\n\t\t\t\tdata-sizes=\"auto\"\r\n\t\t\t\t\t\talt=\"\u015eaban Karaka\u015f\"\r\n\t\t>\r\n\t\t\t\t\t\t<\/div>\n\n\t\t\t\t<div class=\"mh-agent__content\">\n\t\t\t\t\t<h3 class=\"mh-agent__heading\">\u015eaban Karaka\u015f<\/h3>\n\n\t\t\t\t\t\n\t\t\t\t\t\t\t\t\t\t\t<div class=\"mh-agent__additional-fields\">\n\t\t\t\t\t\t\t\t\t\t\t\t\t\t\t\t\t\t\t\t\t\t\t<div class=\"mh-agent__additional-fields__item organization\">\n                                    <strong>\u0412\u043b\u0430\u0434\u0435\u043b\u0435\u0446 \u0438 \u043e\u0441\u043d\u043e\u0432\u0430\u0442\u0435\u043b\u044c<\/strong>\t\t\t\t\t\t\t\t<\/div>\n\t\t\t\t\t\t\t\t\t\t\t\t\t\t\t\t\t\t\t\t\t\t\t<div class=\"mh-agent__additional-fields__item sort-order\">\n                                        \t\t\t\t\t\t\t\t\t<strong>\n    \t\t\t\t\t\t\t\t\t\tSort Order:\n    \t\t\t\t\t\t\t\t\t<\/strong>\n    \t\t\t\t\t\t\t\t\t    \t\t\t\t\t\t\t\t\t\t<a href=\"http:\/\/10\">\n    \t\t\t\t\t\t\t\t\t\t\t10    \t\t\t\t\t\t\t\t\t\t<\/a>\n    \t\t\t\t\t\t\t\t\t\t\t\t\t\t\t\t\t<\/div>\n\t\t\t\t\t\t\t\t\t\t\t\t\t<\/div>\n\t\t\t\t\t\n\t\t\t\t\t<div class=\"mh-agent-contact\">\n\t\t\t\t\t\t\t\t\t\t\t\t\t\t\t\t\t\t\t\t\t<div class=\"mh-agent-contact__element\">\n\t\t\t\t\t\t\t\t\t<a href=\"mailto:saban@whiteseahomes.com\">\n\t\t\t\t\t\t\t\t\t\t<i class=\"flaticon-mail-2\"><\/i>\n\t\t\t\t\t\t\t\t\t\tsaban@whiteseahomes.com\t\t\t\t\t\t\t\t\t<\/a>\n\t\t\t\t\t\t\t\t<\/div>\n\t\t\t\t\t\t\t\t\t\t\t\t\t\n\t\t\t\t\t\t\t\t\t\t\t\t\t\t\t\t\t\t\t\t\t<div class=\"mh-agent-contact__element\">\n\t\t\t\t\t\t\t\t\t<a href=\"tel:+905385473721\">\n\t\t\t\t\t\t\t\t\t\t<i class=\"flaticon-phone\"><\/i>\n\t\t\t\t\t\t\t\t\t\t+90 538 547 37 21\t\t\t\t\t\t\t\t\t<\/a>\n\t\t\t\t\t\t\t\t<\/div>\n\t\t\t\t\t\t\t\t\t\t\t\t\t\t\t\t\t\t<\/div>\n\n\t\t\t\t\t\t\t\t\t\t\t<div class=\"mh-agent__social-wrapper\">\n\t\t\t\t\t\t\t<div class=\"mh-agent__social\">\n\t\t\t\t\t\t\t\t    <a href=\"https:\/\/www.facebook.com\/whiteseahomes\"\r\n       target=\"_blank\">\r\n        <i class=\"fa fa-facebook\"><\/i>\r\n    <\/a>\r\n    <a href=\"#\"\r\n       target=\"_blank\">\r\n        <i class=\"fa fa-twitter\"><\/i>\r\n    <\/a>\r\n    <a href=\"https:\/\/www.instagram.com\/whiteseahomes\/\"\r\n       target=\"_blank\">\r\n        <i class=\"fa fa-instagram\"><\/i>\r\n    <\/a>\r\n\t\t\t\t\t\t\t<\/div>\n\t\t\t\t\t\t<\/div>\n\t\t\t\t\t\n\t\t\t\t\t\t\t\t\t<\/div>\n\t\t\t<\/div>\n\n\t\t\n\t\t\t<div class=\"mh-agent mh-agent--white\">\n\t\t\t\t<div\n\t\t\t\t   class=\"mh-agent__thumbnail\"\n\t\t\t\t   title=\"Abdulmuttalip Karaka\u015f\">\n\t\t\t\t\t\t\t<img\r\n\t\t\t\t\t\t\tdata-srcset=\"https:\/\/whiteseahomes.com\/wp-content\/uploads\/2022\/02\/apo-photo-100x100.png 100w, https:\/\/whiteseahomes.com\/wp-content\/uploads\/2022\/02\/apo-photo-300x300.png 300w, https:\/\/whiteseahomes.com\/wp-content\/uploads\/2022\/02\/apo-photo-150x150.png 150w, https:\/\/whiteseahomes.com\/wp-content\/uploads\/2022\/02\/apo-photo-400x400.png 400w, https:\/\/whiteseahomes.com\/wp-content\/uploads\/2022\/02\/apo-photo-200x200.png 200w, https:\/\/whiteseahomes.com\/wp-content\/uploads\/2022\/02\/apo-photo.png 512w\"\r\n\t\t\t\tclass=\"lazyload \"\r\n\t\t\t\tdata-sizes=\"auto\"\r\n\t\t\t\t\t\talt=\"Abdulmuttalip Karaka\u015f\"\r\n\t\t>\r\n\t\t\t\t\t\t<\/div>\n\n\t\t\t\t<div class=\"mh-agent__content\">\n\t\t\t\t\t<h3 class=\"mh-agent__heading\">Abdulmuttalip Karaka\u015f<\/h3>\n\n\t\t\t\t\t\n\t\t\t\t\t\t\t\t\t\t\t<div class=\"mh-agent__additional-fields\">\n\t\t\t\t\t\t\t\t\t\t\t\t\t\t\t\t\t\t\t\t\t\t\t<div class=\"mh-agent__additional-fields__item organization\">\n                                    <strong>Emlak Dan\u0131\u015fman\u0131<\/strong>\t\t\t\t\t\t\t\t<\/div>\n\t\t\t\t\t\t\t\t\t\t\t\t\t\t\t\t\t\t\t\t\t\t\t<div class=\"mh-agent__additional-fields__item sort-order\">\n                                        \t\t\t\t\t\t\t\t\t<strong>\n    \t\t\t\t\t\t\t\t\t\tSort Order:\n    \t\t\t\t\t\t\t\t\t<\/strong>\n    \t\t\t\t\t\t\t\t\t    \t\t\t\t\t\t\t\t\t\t<a href=\"http:\/\/30\">\n    \t\t\t\t\t\t\t\t\t\t\t30    \t\t\t\t\t\t\t\t\t\t<\/a>\n    \t\t\t\t\t\t\t\t\t\t\t\t\t\t\t\t\t<\/div>\n\t\t\t\t\t\t\t\t\t\t\t\t\t<\/div>\n\t\t\t\t\t\n\t\t\t\t\t<div class=\"mh-agent-contact\">\n\t\t\t\t\t\t\t\t\t\t\t\t\t\t\t\t\t\t\t\t\t<div class=\"mh-agent-contact__element\">\n\t\t\t\t\t\t\t\t\t<a href=\"mailto:info@whiteseahomes.com\">\n\t\t\t\t\t\t\t\t\t\t<i class=\"flaticon-mail-2\"><\/i>\n\t\t\t\t\t\t\t\t\t\tinfo@whiteseahomes.com\t\t\t\t\t\t\t\t\t<\/a>\n\t\t\t\t\t\t\t\t<\/div>\n\t\t\t\t\t\t\t\t\t\t\t\t\t\n\t\t\t\t\t\t\t\t\t\t\t\t\t\t\t\t\t\t\t\t\t<div class=\"mh-agent-contact__element\">\n\t\t\t\t\t\t\t\t\t<a href=\"tel:+905535256574\">\n\t\t\t\t\t\t\t\t\t\t<i class=\"flaticon-phone\"><\/i>\n\t\t\t\t\t\t\t\t\t\t+90 553 525 65 74\t\t\t\t\t\t\t\t\t<\/a>\n\t\t\t\t\t\t\t\t<\/div>\n\t\t\t\t\t\t\t\t\t\t\t\t\t\t\t\t\t\t<\/div>\n\n\t\t\t\t\t\t\t\t\t\t\t<div class=\"mh-agent__social-wrapper\">\n\t\t\t\t\t\t\t<div class=\"mh-agent__social\">\n\t\t\t\t\t\t\t\t    <a href=\"https:\/\/www.facebook.com\/whiteseahomes\"\r\n       target=\"_blank\">\r\n        <i class=\"fa fa-facebook\"><\/i>\r\n    <\/a>\r\n    <a href=\"#\"\r\n       target=\"_blank\">\r\n        <i class=\"fa fa-twitter\"><\/i>\r\n    <\/a>\r\n    <a href=\"https:\/\/www.instagram.com\/whiteseahomes\/\"\r\n       target=\"_blank\">\r\n        <i class=\"fa fa-instagram\"><\/i>\r\n    <\/a>\r\n\t\t\t\t\t\t\t<\/div>\n\t\t\t\t\t\t<\/div>\n\t\t\t\t\t\n\t\t\t\t\t\t\t\t\t<\/div>\n\t\t\t<\/div>\n\n\t\t\n\t\t\t<div class=\"mh-agent mh-agent--white\">\n\t\t\t\t<div\n\t\t\t\t   class=\"mh-agent__thumbnail\"\n\t\t\t\t   title=\"Anastasiya\">\n\t\t\t\t\t\t\t<img\r\n\t\t\t\t\t\t\tdata-srcset=\"https:\/\/whiteseahomes.com\/wp-content\/uploads\/2022\/02\/anastasia-photo-100x100.png 100w, https:\/\/whiteseahomes.com\/wp-content\/uploads\/2022\/02\/anastasia-photo-300x300.png 300w, https:\/\/whiteseahomes.com\/wp-content\/uploads\/2022\/02\/anastasia-photo-150x150.png 150w, https:\/\/whiteseahomes.com\/wp-content\/uploads\/2022\/02\/anastasia-photo-400x400.png 400w, https:\/\/whiteseahomes.com\/wp-content\/uploads\/2022\/02\/anastasia-photo-200x200.png 200w, https:\/\/whiteseahomes.com\/wp-content\/uploads\/2022\/02\/anastasia-photo.png 512w\"\r\n\t\t\t\tclass=\"lazyload \"\r\n\t\t\t\tdata-sizes=\"auto\"\r\n\t\t\t\t\t\talt=\"Anastasiya\"\r\n\t\t>\r\n\t\t\t\t\t\t<\/div>\n\n\t\t\t\t<div class=\"mh-agent__content\">\n\t\t\t\t\t<h3 class=\"mh-agent__heading\">Anastasiya<\/h3>\n\n\t\t\t\t\t\n\t\t\t\t\t\t\t\t\t\t\t<div class=\"mh-agent__additional-fields\">\n\t\t\t\t\t\t\t\t\t\t\t\t\t\t\t\t\t\t\t\t\t\t\t<div class=\"mh-agent__additional-fields__item organization\">\n                                    <strong>Emlak Dan\u0131\u015fman\u0131<\/strong>\t\t\t\t\t\t\t\t<\/div>\n\t\t\t\t\t\t\t\t\t\t\t\t\t\t\t\t\t\t\t\t\t\t\t<div class=\"mh-agent__additional-fields__item sort-order\">\n                                        \t\t\t\t\t\t\t\t\t<strong>\n    \t\t\t\t\t\t\t\t\t\tSort Order:\n    \t\t\t\t\t\t\t\t\t<\/strong>\n    \t\t\t\t\t\t\t\t\t    \t\t\t\t\t\t\t\t\t\t<a href=\"http:\/\/35\">\n    \t\t\t\t\t\t\t\t\t\t\t35    \t\t\t\t\t\t\t\t\t\t<\/a>\n    \t\t\t\t\t\t\t\t\t\t\t\t\t\t\t\t\t<\/div>\n\t\t\t\t\t\t\t\t\t\t\t\t\t<\/div>\n\t\t\t\t\t\n\t\t\t\t\t<div class=\"mh-agent-contact\">\n\t\t\t\t\t\t\t\t\t\t\t\t\t\t\t\t\t\t\t\t\t<div class=\"mh-agent-contact__element\">\n\t\t\t\t\t\t\t\t\t<a href=\"mailto:white_black_sea@mail.ru\">\n\t\t\t\t\t\t\t\t\t\t<i class=\"flaticon-mail-2\"><\/i>\n\t\t\t\t\t\t\t\t\t\twhite_black_sea@mail.ru\t\t\t\t\t\t\t\t\t<\/a>\n\t\t\t\t\t\t\t\t<\/div>\n\t\t\t\t\t\t\t\t\t\t\t\t\t\n\t\t\t\t\t\t\t\t\t\t\t\t\t\t\t\t\t\t\t\t\t<div class=\"mh-agent-contact__element\">\n\t\t\t\t\t\t\t\t\t<a href=\"tel:+79788108177\">\n\t\t\t\t\t\t\t\t\t\t<i class=\"flaticon-phone\"><\/i>\n\t\t\t\t\t\t\t\t\t\t+7 978 810 81 77\t\t\t\t\t\t\t\t\t<\/a>\n\t\t\t\t\t\t\t\t<\/div>\n\t\t\t\t\t\t\t\t\t\t\t\t\t\t\t\t\t\t<\/div>\n\n\t\t\t\t\t\t\t\t\t\t\t<div class=\"mh-agent__social-wrapper\">\n\t\t\t\t\t\t\t<div class=\"mh-agent__social\">\n\t\t\t\t\t\t\t\t    <a href=\"https:\/\/www.facebook.com\/whiteseahomes\"\r\n       target=\"_blank\">\r\n        <i class=\"fa fa-facebook\"><\/i>\r\n    <\/a>\r\n    <a href=\"#\"\r\n       target=\"_blank\">\r\n        <i class=\"fa fa-twitter\"><\/i>\r\n    <\/a>\r\n    <a href=\"https:\/\/www.instagram.com\/whiteseahomes\/\"\r\n       target=\"_blank\">\r\n        <i class=\"fa fa-instagram\"><\/i>\r\n    <\/a>\r\n\t\t\t\t\t\t\t<\/div>\n\t\t\t\t\t\t<\/div>\n\t\t\t\t\t\n\t\t\t\t\t\t\t\t\t<\/div>\n\t\t\t<\/div>\n\n\t\t\n\t\t\t<div class=\"mh-agent mh-agent--white\">\n\t\t\t\t<div\n\t\t\t\t   class=\"mh-agent__thumbnail\"\n\t\t\t\t   title=\"Elizaveta Chudakova\">\n\t\t\t\t\t\t\t<img\r\n\t\t\t\t\t\t\tdata-srcset=\"https:\/\/whiteseahomes.com\/wp-content\/uploads\/2022\/02\/Elizaveta-Photo-100x100.png 100w, https:\/\/whiteseahomes.com\/wp-content\/uploads\/2022\/02\/Elizaveta-Photo-300x300.png 300w, https:\/\/whiteseahomes.com\/wp-content\/uploads\/2022\/02\/Elizaveta-Photo-150x150.png 150w, https:\/\/whiteseahomes.com\/wp-content\/uploads\/2022\/02\/Elizaveta-Photo-400x400.png 400w, https:\/\/whiteseahomes.com\/wp-content\/uploads\/2022\/02\/Elizaveta-Photo-200x200.png 200w, https:\/\/whiteseahomes.com\/wp-content\/uploads\/2022\/02\/Elizaveta-Photo.png 512w\"\r\n\t\t\t\tclass=\"lazyload \"\r\n\t\t\t\tdata-sizes=\"auto\"\r\n\t\t\t\t\t\talt=\"Elizaveta Chudakova\"\r\n\t\t>\r\n\t\t\t\t\t\t<\/div>\n\n\t\t\t\t<div class=\"mh-agent__content\">\n\t\t\t\t\t<h3 class=\"mh-agent__heading\">Elizaveta Chudakova<\/h3>\n\n\t\t\t\t\t\n\t\t\t\t\t\t\t\t\t\t\t<div class=\"mh-agent__additional-fields\">\n\t\t\t\t\t\t\t\t\t\t\t\t\t\t\t\t\t\t\t\t\t\t\t<div class=\"mh-agent__additional-fields__item organization\">\n                                    <strong>Emlak Dan\u0131\u015fman\u0131<\/strong>\t\t\t\t\t\t\t\t<\/div>\n\t\t\t\t\t\t\t\t\t\t\t\t\t\t\t\t\t\t\t\t\t\t\t<div class=\"mh-agent__additional-fields__item sort-order\">\n                                        \t\t\t\t\t\t\t\t\t<strong>\n    \t\t\t\t\t\t\t\t\t\tSort Order:\n    \t\t\t\t\t\t\t\t\t<\/strong>\n    \t\t\t\t\t\t\t\t\t    \t\t\t\t\t\t\t\t\t\t<a href=\"http:\/\/45\">\n    \t\t\t\t\t\t\t\t\t\t\t45    \t\t\t\t\t\t\t\t\t\t<\/a>\n    \t\t\t\t\t\t\t\t\t\t\t\t\t\t\t\t\t<\/div>\n\t\t\t\t\t\t\t\t\t\t\t\t\t<\/div>\n\t\t\t\t\t\n\t\t\t\t\t<div class=\"mh-agent-contact\">\n\t\t\t\t\t\t\t\t\t\t\t\t\t\t\t\t\t\t\t\t\t<div class=\"mh-agent-contact__element\">\n\t\t\t\t\t\t\t\t\t<a href=\"mailto:liza347@yandex.ru\">\n\t\t\t\t\t\t\t\t\t\t<i class=\"flaticon-mail-2\"><\/i>\n\t\t\t\t\t\t\t\t\t\tliza347@yandex.ru\t\t\t\t\t\t\t\t\t<\/a>\n\t\t\t\t\t\t\t\t<\/div>\n\t\t\t\t\t\t\t\t\t\t\t\t\t\n\t\t\t\t\t\t\t\t\t\t\t\t\t\t\t\t\t\t\t\t\t<div class=\"mh-agent-contact__element\">\n\t\t\t\t\t\t\t\t\t<a href=\"tel:+79213847997\">\n\t\t\t\t\t\t\t\t\t\t<i class=\"flaticon-phone\"><\/i>\n\t\t\t\t\t\t\t\t\t\t+7 921 384 79 97\t\t\t\t\t\t\t\t\t<\/a>\n\t\t\t\t\t\t\t\t<\/div>\n\t\t\t\t\t\t\t\t\t\t\t\t\t\t\t\t\t\t<\/div>\n\n\t\t\t\t\t\t\t\t\t\t\t<div class=\"mh-agent__social-wrapper\">\n\t\t\t\t\t\t\t<div class=\"mh-agent__social\">\n\t\t\t\t\t\t\t\t    <a href=\"https:\/\/www.facebook.com\/whiteseahomes\"\r\n       target=\"_blank\">\r\n        <i class=\"fa fa-facebook\"><\/i>\r\n    <\/a>\r\n    <a href=\"#\"\r\n       target=\"_blank\">\r\n        <i class=\"fa fa-twitter\"><\/i>\r\n    <\/a>\r\n    <a href=\"https:\/\/www.instagram.com\/whiteseahomes\/\"\r\n       target=\"_blank\">\r\n        <i class=\"fa fa-instagram\"><\/i>\r\n    <\/a>\r\n\t\t\t\t\t\t\t<\/div>\n\t\t\t\t\t\t<\/div>\n\t\t\t\t\t\n\t\t\t\t\t\t\t\t\t<\/div>\n\t\t\t<\/div>\n\n\t\t\n\t<\/div>\n\n[\/vc_column][\/vc_row][vc_row full_width=&#8221;stretch_row&#8221; css=&#8221;.vc_custom_1608986988736{background-color: #f4f4f4 !important;}&#8221;][vc_column css=&#8221;.vc_custom_1494333727302{padding-top: 39px !important;padding-bottom: 24px !important;}&#8221;]<div class=\" \">\r\n\t\r\n        <div class=\"mh-heading-wrapper\">\r\n            <h4            class=\"mh-heading  mh-heading--bottom-separator    vc_custom_1639827753840\"\r\n            style=\"font-weight:700;\">\r\n\t\t\t\u041d\u0430\u0448\u0438 \u0434\u0435\u043b\u043e\u0432\u044b\u0435 \u043f\u0430\u0440\u0442\u043d\u0435\u0440\u044b        <\/h4>\r\n\r\n\t\t    <\/div>\r\n\r\n\t<\/div>\t<div class=\"owl-carousel mh-clients owl-carousel--visible-5  \">\r\n\t\t\t\t\t<div class=\"item\">\r\n\t\t\t\t<div class=\"mh-client\">\r\n\t\t\t\t\t\t\t\t\t\t<a href=\"http:\/\/www.leartes.net\" title=\"Leartes.NET\"\r\n\t\t\t\t\t   target=\"_blank\">\r\n\t\t\t\t\t\t<img loading=\"lazy\" decoding=\"async\" width=\"324\" height=\"56\" src=\"https:\/\/whiteseahomes.com\/wp-content\/uploads\/2017\/02\/logo-leartes_net.png\" class=\"attachment-full size-full wp-post-image\" alt=\"\" srcset=\"https:\/\/whiteseahomes.com\/wp-content\/uploads\/2017\/02\/logo-leartes_net.png 324w, https:\/\/whiteseahomes.com\/wp-content\/uploads\/2017\/02\/logo-leartes_net-300x52.png 300w\" sizes=\"auto, (max-width: 324px) 100vw, 324px\" \/>\t\t\t\t\t<\/a>\r\n\t\t\t\t\t\t\t\t<\/div>\r\n\t\t\t<\/div>\r\n\t\t\t\t\t<div class=\"item\">\r\n\t\t\t\t<div class=\"mh-client\">\r\n\t\t\t\t\t\t\t\t\t\t<a href=\"https:\/\/www.enzahome.com.tr\/\" title=\"Enza Home\"\r\n\t\t\t\t\t   target=\"_blank\">\r\n\t\t\t\t\t\t<img loading=\"lazy\" decoding=\"async\" width=\"324\" height=\"56\" src=\"https:\/\/whiteseahomes.com\/wp-content\/uploads\/2017\/02\/enza-logo.png\" class=\"attachment-full size-full wp-post-image\" alt=\"\" srcset=\"https:\/\/whiteseahomes.com\/wp-content\/uploads\/2017\/02\/enza-logo.png 324w, https:\/\/whiteseahomes.com\/wp-content\/uploads\/2017\/02\/enza-logo-300x52.png 300w\" sizes=\"auto, (max-width: 324px) 100vw, 324px\" \/>\t\t\t\t\t<\/a>\r\n\t\t\t\t\t\t\t\t<\/div>\r\n\t\t\t<\/div>\r\n\t\t\t\t\t<div class=\"item\">\r\n\t\t\t\t<div class=\"mh-client\">\r\n\t\t\t\t\t\t\t\t\t\t<a href=\"https:\/\/www.kamburoglu.com.tr\/\" title=\"Kamburoglu\"\r\n\t\t\t\t\t   target=\"_blank\">\r\n\t\t\t\t\t\t<img loading=\"lazy\" decoding=\"async\" width=\"324\" height=\"56\" src=\"https:\/\/whiteseahomes.com\/wp-content\/uploads\/2017\/02\/kamburoglu.png\" class=\"attachment-full size-full wp-post-image\" alt=\"\" srcset=\"https:\/\/whiteseahomes.com\/wp-content\/uploads\/2017\/02\/kamburoglu.png 324w, https:\/\/whiteseahomes.com\/wp-content\/uploads\/2017\/02\/kamburoglu-300x52.png 300w\" sizes=\"auto, (max-width: 324px) 100vw, 324px\" \/>\t\t\t\t\t<\/a>\r\n\t\t\t\t\t\t\t\t<\/div>\r\n\t\t\t<\/div>\r\n\t\t\t\t\t<div class=\"item\">\r\n\t\t\t\t<div class=\"mh-client\">\r\n\t\t\t\t\t\t\t\t\t\t<a href=\"http:\/\/www.mixxtravel.com\/\" title=\"Mixx Travel\"\r\n\t\t\t\t\t   target=\"_blank\">\r\n\t\t\t\t\t\t<img loading=\"lazy\" decoding=\"async\" width=\"324\" height=\"56\" src=\"https:\/\/whiteseahomes.com\/wp-content\/uploads\/2017\/02\/mixx-travel.png\" class=\"attachment-full size-full wp-post-image\" alt=\"\" srcset=\"https:\/\/whiteseahomes.com\/wp-content\/uploads\/2017\/02\/mixx-travel.png 324w, https:\/\/whiteseahomes.com\/wp-content\/uploads\/2017\/02\/mixx-travel-300x52.png 300w\" sizes=\"auto, (max-width: 324px) 100vw, 324px\" \/>\t\t\t\t\t<\/a>\r\n\t\t\t\t\t\t\t\t<\/div>\r\n\t\t\t<\/div>\r\n\t\t\t\t\t<div class=\"item\">\r\n\t\t\t\t<div class=\"mh-client\">\r\n\t\t\t\t\t\t\t\t\t\t<a href=\"http:\/\/garanti.com.tr\/\" title=\"Garanti BBVA\"\r\n\t\t\t\t\t   target=\"_blank\">\r\n\t\t\t\t\t\t<img loading=\"lazy\" decoding=\"async\" width=\"324\" height=\"56\" src=\"https:\/\/whiteseahomes.com\/wp-content\/uploads\/2017\/02\/garantibbva-logo.png\" class=\"attachment-full size-full wp-post-image\" alt=\"\" srcset=\"https:\/\/whiteseahomes.com\/wp-content\/uploads\/2017\/02\/garantibbva-logo.png 324w, https:\/\/whiteseahomes.com\/wp-content\/uploads\/2017\/02\/garantibbva-logo-300x52.png 300w\" sizes=\"auto, (max-width: 324px) 100vw, 324px\" \/>\t\t\t\t\t<\/a>\r\n\t\t\t\t\t\t\t\t<\/div>\r\n\t\t\t<\/div>\r\n\t\t\t<\/div>\r\n[\/vc_column][\/vc_row]<\/p>\n","protected":false},"excerpt":{"rendered":"<p>[vc_row full_width=&#8221;stretch_row&#8221; css=&#8221;.vc_custom_1494609476686{background-color: #f4f4f4 !important;}&#8221;][vc_column css=&#8221;.vc_custom_1494333765775{padding-top: 39px !important;padding-bottom: 24px !important;}&#8221;][\/vc_column][\/vc_row][vc_row full_width=&#8221;stretch_row&#8221; css=&#8221;.vc_custom_1608986988736{background-color: #f4f4f4 !important;}&#8221;][vc_column css=&#8221;.vc_custom_1494333727302{padding-top: 39px !important;padding-bottom: 24px !important;}&#8221;][\/vc_column][\/vc_row]<\/p>\n","protected":false},"author":14,"featured_media":0,"parent":0,"menu_order":0,"comment_status":"closed","ping_status":"closed","template":"page_full-width-with-top-title.php","meta":{"footnotes":""},"class_list":["post-1961","page","type-page","status-publish","hentry"],"_links":{"self":[{"href":"https:\/\/whiteseahomes.com\/ru\/wp-json\/wp\/v2\/pages\/1961","targetHints":{"allow":["GET"]}}],"collection":[{"href":"https:\/\/whiteseahomes.com\/ru\/wp-json\/wp\/v2\/pages"}],"about":[{"href":"https:\/\/whiteseahomes.com\/ru\/wp-json\/wp\/v2\/types\/page"}],"author":[{"embeddable":true,"href":"https:\/\/whiteseahomes.com\/ru\/wp-json\/wp\/v2\/users\/14"}],"replies":[{"embeddable":true,"href":"https:\/\/whiteseahomes.com\/ru\/wp-json\/wp\/v2\/comments?post=1961"}],"version-history":[{"count":4,"href":"https:\/\/whiteseahomes.com\/ru\/wp-json\/wp\/v2\/pages\/1961\/revisions"}],"predecessor-version":[{"id":3999,"href":"https:\/\/whiteseahomes.com\/ru\/wp-json\/wp\/v2\/pages\/1961\/revisions\/3999"}],"wp:attachment":[{"href":"https:\/\/whiteseahomes.com\/ru\/wp-json\/wp\/v2\/media?parent=1961"}],"curies":[{"name":"wp","href":"https:\/\/api.w.org\/{rel}","templated":true}]}}